{"id":2061,"date":"2025-10-22T20:33:05","date_gmt":"2025-10-22T18:33:05","guid":{"rendered":"https:\/\/densonorisation-gsldn.wpcomstaging.com\/?page_id=2061"},"modified":"2025-11-01T11:17:02","modified_gmt":"2025-11-01T11:17:02","slug":"presentation","status":"publish","type":"page","link":"https:\/\/den-event.com\/index.php\/presentation\/","title":{"rendered":"Pr\u00e9sentation"},"content":{"rendered":"\t\t<div data-elementor-type=\"wp-page\" data-elementor-id=\"2061\" class=\"elementor elementor-2061\">\n\t\t\t\t<div class=\"elementor-element elementor-element-5fb4eb3 e-flex e-con-boxed e-con e-parent\" data-id=\"5fb4eb3\" data-element_type=\"container\" data-e-type=\"container\">\n\t\t\t\t\t<div class=\"e-con-inner\">\n\t\t<div class=\"elementor-element elementor-element-63a2726 e-con-full e-flex e-con e-child\" data-id=\"63a2726\" data-element_type=\"container\" data-e-type=\"container\">\n\t\t\t\t<div class=\"elementor-element elementor-element-c9f3927 elementor-widget elementor-widget-text-editor\" data-id=\"c9f3927\" data-element_type=\"widget\" data-e-type=\"widget\" data-widget_type=\"text-editor.default\">\n\t\t\t\t\t\t\t\t\t<h3 data-start=\"926\" data-end=\"972\"><strong data-start=\"933\" data-end=\"972\">\ud83c\udfa7 Un son parfait. Une lumi\u00e8re sur mesure. Une ambiance qui vous ressemble.<\/strong><\/h3><p>Plongez dans un univers o\u00f9 musique, lumi\u00e8re et \u00e9motion s\u2019accordent \u00e0 la perfection.<\/p><p data-start=\"255\" data-end=\"562\">Je suis Dj Den&rsquo;s, Dj et technicien du son passionn\u00e9, sp\u00e9cialis\u00e9 dans la cr\u00e9ation d\u2019ambiances sur mesure pour vos \u00e9v\u00e9nements : mariages, soir\u00e9es priv\u00e9es, r\u00e9ceptions ou \u00e9v\u00e9nements d\u2019entreprise.<\/p><p data-start=\"564\" data-end=\"844\">Chaque prestation allie qualit\u00e9 sonore, \u00e9clairage raffin\u00e9 et \u00e9nergie musicale, pour un moment unique et m\u00e9morable.<br data-start=\"686\" data-end=\"689\" \/>Mat\u00e9riel professionnel haut de gamme, mise en lumi\u00e8re personnalis\u00e9e, mixs pr\u00e9cis et adapt\u00e9s \u00e0 votre public \u2014 tout est pens\u00e9 pour sublimer votre exp\u00e9rience.<\/p><p data-start=\"846\" data-end=\"999\">Fiabilit\u00e9, \u00e9l\u00e9gance et \u00e9coute sont au c\u0153ur de mon approche.<br data-start=\"905\" data-end=\"908\" \/>Transformons ensemble votre \u00e9v\u00e9nement en <strong data-start=\"949\" data-end=\"998\">une exp\u00e9rience sonore et visuelle inoubliable<\/strong>.<\/p><h3 data-start=\"926\" data-end=\"972\">\ud83d\udd27 <strong data-start=\"933\" data-end=\"972\">Un service complet et professionnel<\/strong><\/h3><p data-start=\"974\" data-end=\"1002\">Chaque prestation inclut :<\/p><ul data-start=\"1003\" data-end=\"1606\"><li data-start=\"1003\" data-end=\"1158\"><p data-start=\"1005\" data-end=\"1158\">Une <strong data-start=\"1009\" data-end=\"1033\">sonorisation adapt\u00e9e<\/strong> \u00e0 la taille et \u00e0 l\u2019acoustique du lieu, avec un mat\u00e9riel de r\u00e9f\u00e9rence (enceintes, micros, tables de mixage, retours sc\u00e8ne).<\/p><\/li><li data-start=\"1159\" data-end=\"1296\"><p data-start=\"1161\" data-end=\"1296\">Un <strong data-start=\"1164\" data-end=\"1190\">\u00e9clairage personnalis\u00e9<\/strong> : projecteurs, effets dynamiques, mise en valeur architecturale, lumi\u00e8res d\u2019ambiance et sc\u00e8ne dansante.<\/p><\/li><li data-start=\"1297\" data-end=\"1390\"><p data-start=\"1299\" data-end=\"1390\">Une <strong data-start=\"1303\" data-end=\"1339\">installation discr\u00e8te et soign\u00e9e<\/strong>, dans le respect des lieux et de votre planning.<\/p><\/li><li data-start=\"1391\" data-end=\"1496\"><p data-start=\"1393\" data-end=\"1496\">Une <strong data-start=\"1397\" data-end=\"1420\">coordination fluide<\/strong> avec les autres prestataires (traiteur, photographe, organisateur, etc.).<\/p><\/li><li data-start=\"1497\" data-end=\"1606\"><p data-start=\"1499\" data-end=\"1606\">Un <strong data-start=\"1502\" data-end=\"1531\">accompagnement sur mesure<\/strong>, avant et pendant votre \u00e9v\u00e9nement, pour garantir un d\u00e9roulement parfait.<\/p><\/li><\/ul><p data-start=\"1608\" data-end=\"1765\">\ud83d\udcde Contactez-moi d\u00e8s aujourd\u2019hui pour une <strong data-start=\"1650\" data-end=\"1673\">\u00e9tude personnalis\u00e9e<\/strong> et transformons ensemble votre projet en une <strong data-start=\"1719\" data-end=\"1765\">exp\u00e9rience sonore et visuelle d\u2019exception.<\/strong><\/p>\t\t\t\t\t\t\t\t<\/div>\n\t\t\t\t<\/div>\n\t\t<div class=\"elementor-element elementor-element-14b4f05 e-con-full e-flex e-con e-child\" data-id=\"14b4f05\" data-element_type=\"container\" data-e-type=\"container\">\n\t\t\t\t<div class=\"elementor-element elementor-element-c429422 elementor-widget elementor-widget-image\" data-id=\"c429422\" data-element_type=\"widget\" data-e-type=\"widget\" data-widget_type=\"image.default\">\n\t\t\t\t\t\t\t\t\t\t\t\t\t\t\t<img decoding=\"async\" src=\"https:\/\/densonorisation-gsldn.wpcomstaging.com\/wp-content\/uploads\/2025\/10\/IMG20250928011621.jpg\" title=\"\" alt=\"\" loading=\"lazy\" \/>\t\t\t\t\t\t\t\t\t\t\t\t\t\t\t<\/div>\n\t\t\t\t<\/div>\n\t\t\t\t\t<\/div>\n\t\t\t\t<\/div>\n\t\t<div class=\"elementor-element elementor-element-a2e6bdc e-flex e-con-boxed e-con e-parent\" data-id=\"a2e6bdc\" data-element_type=\"container\" data-e-type=\"container\">\n\t\t\t\t\t<div class=\"e-con-inner\">\n\t\t\t\t<div class=\"elementor-element elementor-element-9d69a13 elementor-widget-divider--view-line elementor-widget elementor-widget-divider\" data-id=\"9d69a13\" data-element_type=\"widget\" data-e-type=\"widget\" data-widget_type=\"divider.default\">\n\t\t\t\t\t\t\t<div class=\"elementor-divider\">\n\t\t\t<span class=\"elementor-divider-separator\">\n\t\t\t\t\t\t<\/span>\n\t\t<\/div>\n\t\t\t\t\t\t<\/div>\n\t\t\t\t\t<\/div>\n\t\t\t\t<\/div>\n\t\t<div class=\"elementor-element elementor-element-3663d33 e-flex e-con-boxed e-con e-parent\" data-id=\"3663d33\" data-element_type=\"container\" data-e-type=\"container\">\n\t\t\t\t\t<div class=\"e-con-inner\">\n\t\t<div class=\"elementor-element elementor-element-2f0f2f1 e-con-full e-flex e-con e-child\" data-id=\"2f0f2f1\" data-element_type=\"container\" data-e-type=\"container\">\n\t\t\t\t<\/div>\n\t\t<div class=\"elementor-element elementor-element-f5d191d e-con-full e-flex e-con e-child\" data-id=\"f5d191d\" data-element_type=\"container\" data-e-type=\"container\">\n\t\t\t\t<div class=\"elementor-element elementor-element-63f3498 elementor-align-center elementor-widget elementor-widget-button\" data-id=\"63f3498\" data-element_type=\"widget\" data-e-type=\"widget\" data-widget_type=\"button.default\">\n\t\t\t\t\t\t\t\t\t\t<a class=\"elementor-button elementor-button-link elementor-size-sm\" href=\"https:\/\/den-event.com\/index.php\/devis-rapide\/\">\n\t\t\t\t\t\t<span class=\"elementor-button-content-wrapper\">\n\t\t\t\t\t\t\t\t\t<span class=\"elementor-button-text\">Devis<\/span>\n\t\t\t\t\t<\/span>\n\t\t\t\t\t<\/a>\n\t\t\t\t\t\t\t\t<\/div>\n\t\t\t\t<\/div>\n\t\t<div class=\"elementor-element elementor-element-5fef0f0 e-con-full e-flex e-con e-child\" data-id=\"5fef0f0\" data-element_type=\"container\" data-e-type=\"container\">\n\t\t\t\t<\/div>\n\t\t\t\t\t<\/div>\n\t\t\t\t<\/div>\n\t\t\t\t<\/div>\n\t\t","protected":false},"excerpt":{"rendered":"<p>\ud83c\udfa7 Un son parfait. Une lumi\u00e8re sur mesure. Une ambiance qui vous ressemble. Plongez dans un univers o\u00f9 musique, lumi\u00e8re et \u00e9motion s\u2019accordent \u00e0 la perfection. Je suis Dj Den&rsquo;s, Dj et technicien du son passionn\u00e9, sp\u00e9cialis\u00e9 dans la cr\u00e9ation d\u2019ambiances sur mesure pour vos \u00e9v\u00e9nements : mariages, soir\u00e9es priv\u00e9es, r\u00e9ceptions ou \u00e9v\u00e9nements d\u2019entreprise. Chaque [&hellip;]<\/p>\n","protected":false},"author":1,"featured_media":0,"parent":0,"menu_order":0,"comment_status":"closed","ping_status":"closed","template":"","meta":{"footnotes":""},"class_list":["post-2061","page","type-page","status-publish","hentry"],"jetpack_sharing_enabled":true,"_links":{"self":[{"href":"https:\/\/den-event.com\/index.php\/wp-json\/wp\/v2\/pages\/2061","targetHints":{"allow":["GET"]}}],"collection":[{"href":"https:\/\/den-event.com\/index.php\/wp-json\/wp\/v2\/pages"}],"about":[{"href":"https:\/\/den-event.com\/index.php\/wp-json\/wp\/v2\/types\/page"}],"author":[{"embeddable":true,"href":"https:\/\/den-event.com\/index.php\/wp-json\/wp\/v2\/users\/1"}],"replies":[{"embeddable":true,"href":"https:\/\/den-event.com\/index.php\/wp-json\/wp\/v2\/comments?post=2061"}],"version-history":[{"count":3,"href":"https:\/\/den-event.com\/index.php\/wp-json\/wp\/v2\/pages\/2061\/revisions"}],"predecessor-version":[{"id":2473,"href":"https:\/\/den-event.com\/index.php\/wp-json\/wp\/v2\/pages\/2061\/revisions\/2473"}],"wp:attachment":[{"href":"https:\/\/den-event.com\/index.php\/wp-json\/wp\/v2\/media?parent=2061"}],"curies":[{"name":"wp","href":"https:\/\/api.w.org\/{rel}","templated":true}]}}