{"id":175,"date":"2025-10-03T01:05:01","date_gmt":"2025-10-02T23:05:01","guid":{"rendered":"https:\/\/densonorisation-gsldn.wpcomstaging.com\/?page_id=175"},"modified":"2025-11-06T14:02:23","modified_gmt":"2025-11-06T14:02:23","slug":"devis-rapide","status":"publish","type":"page","link":"https:\/\/den-event.com\/index.php\/devis-rapide\/","title":{"rendered":"Devis"},"content":{"rendered":"\t\t<div data-elementor-type=\"wp-page\" data-elementor-id=\"175\" class=\"elementor elementor-175\">\n\t\t\t\t<div class=\"elementor-element elementor-element-b8971cc e-flex e-con-boxed e-con e-parent\" data-id=\"b8971cc\" data-element_type=\"container\" data-e-type=\"container\">\n\t\t\t\t\t<div class=\"e-con-inner\">\n\t\t\t\t<div class=\"elementor-element elementor-element-8a5ce23 elementor-widget elementor-widget-wpforms\" data-id=\"8a5ce23\" data-element_type=\"widget\" data-e-type=\"widget\" data-widget_type=\"wpforms.default\">\n\t\t\t\t<div class=\"elementor-widget-container\">\n\t\t\t\t\t<div class=\"wpforms-container wpforms-container-full wpforms-render-modern\" id=\"wpforms-2483\"><form id=\"wpforms-form-2483\" class=\"wpforms-validate wpforms-form wpforms-ajax-form\" data-formid=\"2483\" method=\"post\" enctype=\"multipart\/form-data\" action=\"\/index.php\/wp-json\/wp\/v2\/pages\/175\" data-token=\"5215c51835f931258e29d10ead2a86f2\" data-token-time=\"1776428765\"><noscript class=\"wpforms-error-noscript\">Veuillez activer JavaScript dans votre navigateur pour remplir ce formulaire.<\/noscript><div id=\"wpforms-error-noscript\" style=\"display: none;\">Veuillez activer JavaScript dans votre navigateur pour remplir ce formulaire.<\/div><div class=\"wpforms-field-container\">\t\t<div id=\"wpforms-2483-field_2-container\"\n\t\t\tclass=\"wpforms-field wpforms-field-text\"\n\t\t\tdata-field-type=\"text\"\n\t\t\tdata-field-id=\"2\"\n\t\t\t>\n\t\t\t<label class=\"wpforms-field-label\" for=\"wpforms-2483-field_2\" >questions Horaires est<\/label>\n\t\t\t<input type=\"text\" id=\"wpforms-2483-field_2\" class=\"wpforms-field-medium\" name=\"wpforms[fields][2]\" >\n\t\t<\/div>\n\t\t<div id=\"wpforms-2483-field_1-container\" class=\"wpforms-field wpforms-field-name\" data-field-id=\"1\"><fieldset><legend class=\"wpforms-field-label\">Nom &amp; Pr\u00e9nom <span class=\"wpforms-required-label\" aria-hidden=\"true\">*<\/span><\/legend><div class=\"wpforms-field-row wpforms-field-medium\"><div class=\"wpforms-field-row-block wpforms-first wpforms-one-half\"><input type=\"text\" id=\"wpforms-2483-field_1\" class=\"wpforms-field-name-first wpforms-field-required\" name=\"wpforms[fields][1][first]\" aria-errormessage=\"wpforms-2483-field_1-error\" required><label for=\"wpforms-2483-field_1\" class=\"wpforms-field-sublabel after\">Pr\u00e9nom<\/label><\/div><div class=\"wpforms-field-row-block wpforms-one-half\"><input type=\"text\" id=\"wpforms-2483-field_1-last\" class=\"wpforms-field-name-last wpforms-field-required\" name=\"wpforms[fields][1][last]\" aria-errormessage=\"wpforms-2483-field_1-last-error\" required><label for=\"wpforms-2483-field_1-last\" class=\"wpforms-field-sublabel after\">Nom<\/label><\/div><\/div><\/fieldset><\/div><div id=\"wpforms-2483-field_10-container\" class=\"wpforms-field wpforms-field-text\" data-field-id=\"10\"><label class=\"wpforms-field-label\" for=\"wpforms-2483-field_10\">Votre adresse <span class=\"wpforms-required-label\" aria-hidden=\"true\">*<\/span><\/label><input type=\"text\" id=\"wpforms-2483-field_10\" class=\"wpforms-field-medium wpforms-field-required\" name=\"wpforms[fields][10]\" aria-errormessage=\"wpforms-2483-field_10-error\" required><\/div><div id=\"wpforms-2483-field_15-container\" class=\"wpforms-field wpforms-field-number\" data-field-id=\"15\"><label class=\"wpforms-field-label\" for=\"wpforms-2483-field_15\">Num\u00e9ro de t\u00e9l\u00e9phone <span class=\"wpforms-required-label\" aria-hidden=\"true\">*<\/span><\/label><input type=\"number\" id=\"wpforms-2483-field_15\" class=\"wpforms-field-medium wpforms-field-required\" name=\"wpforms[fields][15]\" step=\"any\" aria-errormessage=\"wpforms-2483-field_15-error\" required><\/div><div id=\"wpforms-2483-field_8-container\" class=\"wpforms-field wpforms-field-email\" data-field-id=\"8\"><label class=\"wpforms-field-label\" for=\"wpforms-2483-field_8\">E-mail <span class=\"wpforms-required-label\" aria-hidden=\"true\">*<\/span><\/label><input type=\"email\" id=\"wpforms-2483-field_8\" class=\"wpforms-field-medium wpforms-field-required\" name=\"wpforms[fields][8]\" spellcheck=\"false\" aria-errormessage=\"wpforms-2483-field_8-error\" required><\/div><div id=\"wpforms-2483-field_20-container\" class=\"wpforms-field wpforms-field-text\" data-field-id=\"20\"><label class=\"wpforms-field-label\" for=\"wpforms-2483-field_20\">Lieu de votre \u00e9v\u00e9nement ? <span class=\"wpforms-required-label\" aria-hidden=\"true\">*<\/span><\/label><input type=\"text\" id=\"wpforms-2483-field_20\" class=\"wpforms-field-medium wpforms-field-required\" name=\"wpforms[fields][20]\" aria-errormessage=\"wpforms-2483-field_20-error\" required><\/div><div id=\"wpforms-2483-field_12-container\" class=\"wpforms-field wpforms-field-select wpforms-field-select-style-classic\" data-field-id=\"12\"><label class=\"wpforms-field-label\" for=\"wpforms-2483-field_12\">Type d&#039;\u00e9v\u00e9nement <span class=\"wpforms-required-label\" aria-hidden=\"true\">*<\/span><\/label><select id=\"wpforms-2483-field_12\" class=\"wpforms-field-medium wpforms-field-required\" name=\"wpforms[fields][12]\" required=\"required\"><option value=\"\" class=\"placeholder\" disabled  selected='selected'>--- S\u00e9lectionner un choix ---<\/option><option value=\"Mariage\"  class=\"choice-1 depth-1\"  >Mariage<\/option><option value=\"Anniversaire\"  class=\"choice-2 depth-1\"  >Anniversaire<\/option><option value=\"Sonorisation\"  class=\"choice-3 depth-1\"  >Sonorisation<\/option><option value=\"Autre\"  class=\"choice-4 depth-1\"  >Autre<\/option><\/select><\/div><div id=\"wpforms-2483-field_31-container\" class=\"wpforms-field wpforms-field-text\" data-field-id=\"31\"><label class=\"wpforms-field-label\" for=\"wpforms-2483-field_31\">Quel serait votre date ? <span class=\"wpforms-required-label\" aria-hidden=\"true\">*<\/span><\/label><input type=\"text\" id=\"wpforms-2483-field_31\" class=\"wpforms-field-medium wpforms-field-required\" name=\"wpforms[fields][31]\" aria-errormessage=\"wpforms-2483-field_31-error\" required><\/div><div id=\"wpforms-2483-field_28-container\" class=\"wpforms-field wpforms-field-number\" data-field-id=\"28\"><label class=\"wpforms-field-label\" for=\"wpforms-2483-field_28\">Nombre d&#039;invit\u00e9s <span class=\"wpforms-required-label\" aria-hidden=\"true\">*<\/span><\/label><input type=\"number\" id=\"wpforms-2483-field_28\" class=\"wpforms-field-medium wpforms-field-required\" name=\"wpforms[fields][28]\" step=\"any\" aria-errormessage=\"wpforms-2483-field_28-error\" required><\/div><div id=\"wpforms-2483-field_32-container\" class=\"wpforms-field wpforms-field-select wpforms-field-select-style-classic\" data-field-id=\"32\"><label class=\"wpforms-field-label\" for=\"wpforms-2483-field_32\">O\u00f9 se d\u00e9roulera l&#039;\u00e9v\u00e9nement ? <span class=\"wpforms-required-label\" aria-hidden=\"true\">*<\/span><\/label><select id=\"wpforms-2483-field_32\" class=\"wpforms-field-medium wpforms-field-required\" name=\"wpforms[fields][32]\" required=\"required\"><option value=\"\" class=\"placeholder\" disabled  selected='selected'>--- S\u00e9lectionner un choix ---<\/option><option value=\"Int\u00e9rieur\"  class=\"choice-1 depth-1\"  >Int\u00e9rieur<\/option><option value=\"Ext\u00e9rieur\"  class=\"choice-2 depth-1\"  >Ext\u00e9rieur<\/option><\/select><\/div><div id=\"wpforms-2483-field_26-container\" class=\"wpforms-field wpforms-field-checkbox\" data-field-id=\"26\"><fieldset><legend class=\"wpforms-field-label\">Type de musique souhaitez-vous ? <span class=\"wpforms-required-label\" aria-hidden=\"true\">*<\/span><\/legend><ul id=\"wpforms-2483-field_26\" class=\"wpforms-field-required\"><li class=\"choice-1 depth-1\"><input type=\"checkbox\" id=\"wpforms-2483-field_26_1\" name=\"wpforms[fields][26][]\" value=\"Style g\u00e9n\u00e9raliste\" aria-errormessage=\"wpforms-2483-field_26_1-error\" required ><label class=\"wpforms-field-label-inline\" for=\"wpforms-2483-field_26_1\">Style g\u00e9n\u00e9raliste<\/label><\/li><li class=\"choice-2 depth-1\"><input type=\"checkbox\" id=\"wpforms-2483-field_26_2\" name=\"wpforms[fields][26][]\" value=\"Style latino\" aria-errormessage=\"wpforms-2483-field_26_2-error\" required ><label class=\"wpforms-field-label-inline\" for=\"wpforms-2483-field_26_2\">Style latino<\/label><\/li><li class=\"choice-3 depth-1\"><input type=\"checkbox\" id=\"wpforms-2483-field_26_3\" name=\"wpforms[fields][26][]\" value=\"Style \u00e9lectro\" aria-errormessage=\"wpforms-2483-field_26_3-error\" required ><label class=\"wpforms-field-label-inline\" for=\"wpforms-2483-field_26_3\">Style \u00e9lectro<\/label><\/li><li class=\"choice-4 depth-1\"><input type=\"checkbox\" id=\"wpforms-2483-field_26_4\" name=\"wpforms[fields][26][]\" value=\"Je ne sais pas (autre)\" aria-errormessage=\"wpforms-2483-field_26_4-error\" required ><label class=\"wpforms-field-label-inline\" for=\"wpforms-2483-field_26_4\">Je ne sais pas (autre)<\/label><\/li><\/ul><\/fieldset><\/div><div id=\"wpforms-2483-field_33-container\" class=\"wpforms-field wpforms-field-checkbox\" data-field-id=\"33\"><fieldset><legend class=\"wpforms-field-label\">Horaires souhait\u00e9s ? <span class=\"wpforms-required-label\" aria-hidden=\"true\">*<\/span><\/legend><ul id=\"wpforms-2483-field_33\" class=\"wpforms-field-required\"><li class=\"choice-1 depth-1\"><input type=\"checkbox\" id=\"wpforms-2483-field_33_1\" name=\"wpforms[fields][33][]\" value=\"De 16h \u00e0 18h (apr\u00e8s-midi)\" aria-errormessage=\"wpforms-2483-field_33_1-error\" required ><label class=\"wpforms-field-label-inline\" for=\"wpforms-2483-field_33_1\">De 16h \u00e0 18h (apr\u00e8s-midi)<\/label><\/li><li class=\"choice-2 depth-1\"><input type=\"checkbox\" id=\"wpforms-2483-field_33_2\" name=\"wpforms[fields][33][]\" value=\"De 18h \u00e0 20h (vin d&#039;honneur)\" aria-errormessage=\"wpforms-2483-field_33_2-error\" required ><label class=\"wpforms-field-label-inline\" for=\"wpforms-2483-field_33_2\">De 18h \u00e0 20h (vin d'honneur)<\/label><\/li><li class=\"choice-3 depth-1\"><input type=\"checkbox\" id=\"wpforms-2483-field_33_3\" name=\"wpforms[fields][33][]\" value=\"De 20h \u00e0 4h (soir\u00e9e)\" aria-errormessage=\"wpforms-2483-field_33_3-error\" required ><label class=\"wpforms-field-label-inline\" for=\"wpforms-2483-field_33_3\">De 20h \u00e0 4h (soir\u00e9e)<\/label><\/li><\/ul><\/fieldset><\/div><div id=\"wpforms-2483-field_14-container\" class=\"wpforms-field wpforms-field-checkbox\" data-field-id=\"14\"><fieldset><legend class=\"wpforms-field-label\">Quelle est votre estimation de budget ? <span class=\"wpforms-required-label\" aria-hidden=\"true\">*<\/span><\/legend><ul id=\"wpforms-2483-field_14\" class=\"wpforms-field-required\"><li class=\"choice-1 depth-1\"><input type=\"checkbox\" id=\"wpforms-2483-field_14_1\" name=\"wpforms[fields][14][]\" value=\"Entre 600\u20ac et 800\u20ac\" aria-errormessage=\"wpforms-2483-field_14_1-error\" required ><label class=\"wpforms-field-label-inline\" for=\"wpforms-2483-field_14_1\">Entre 600\u20ac et 800\u20ac<\/label><\/li><li class=\"choice-2 depth-1\"><input type=\"checkbox\" id=\"wpforms-2483-field_14_2\" name=\"wpforms[fields][14][]\" value=\"Entre 800\u20ac et 1000\u20ac\" aria-errormessage=\"wpforms-2483-field_14_2-error\" required ><label class=\"wpforms-field-label-inline\" for=\"wpforms-2483-field_14_2\">Entre 800\u20ac et 1000\u20ac<\/label><\/li><li class=\"choice-3 depth-1\"><input type=\"checkbox\" id=\"wpforms-2483-field_14_3\" name=\"wpforms[fields][14][]\" value=\"Entre 1000\u20ac et 1200\u20ac\" aria-errormessage=\"wpforms-2483-field_14_3-error\" required ><label class=\"wpforms-field-label-inline\" for=\"wpforms-2483-field_14_3\">Entre 1000\u20ac et 1200\u20ac<\/label><\/li><li class=\"choice-4 depth-1\"><input type=\"checkbox\" id=\"wpforms-2483-field_14_4\" name=\"wpforms[fields][14][]\" value=\"Au-del\u00e0 (suivant les options)\" aria-errormessage=\"wpforms-2483-field_14_4-error\" required ><label class=\"wpforms-field-label-inline\" for=\"wpforms-2483-field_14_4\">Au-del\u00e0 (suivant les options)<\/label><\/li><\/ul><\/fieldset><\/div><div id=\"wpforms-2483-field_7-container\" class=\"wpforms-field wpforms-field-textarea\" data-field-id=\"7\"><label class=\"wpforms-field-label\" for=\"wpforms-2483-field_7\">Avez-vous des souhaits ou des questions ?<\/label><textarea id=\"wpforms-2483-field_7\" class=\"wpforms-field-medium\" name=\"wpforms[fields][7]\" aria-errormessage=\"wpforms-2483-field_7-error\" ><\/textarea><\/div><script>\n\t\t\t\t( function() {\n\t\t\t\t\tconst style = document.createElement( 'style' );\n\t\t\t\t\tstyle.appendChild( document.createTextNode( '#wpforms-2483-field_2-container { position: absolute !important; overflow: hidden !important; display: inline !important; height: 1px !important; width: 1px !important; z-index: -1000 !important; padding: 0 !important; } #wpforms-2483-field_2-container input { visibility: hidden; } #wpforms-conversational-form-page #wpforms-2483-field_2-container label { counter-increment: none; }' ) );\n\t\t\t\t\tdocument.head.appendChild( style );\n\t\t\t\t\tdocument.currentScript?.remove();\n\t\t\t\t} )();\n\t\t\t<\/script><\/div><!-- .wpforms-field-container --><div class=\"wpforms-submit-container\" ><input type=\"hidden\" name=\"wpforms[id]\" value=\"2483\"><input type=\"hidden\" name=\"page_title\" value=\"\"><input type=\"hidden\" name=\"page_url\" value=\"https:\/\/den-event.com\/index.php\/wp-json\/wp\/v2\/pages\/175\"><input type=\"hidden\" name=\"url_referer\" value=\"\"><button type=\"submit\" name=\"wpforms[submit]\" id=\"wpforms-submit-2483\" class=\"wpforms-submit\" data-alt-text=\"Envoi en cours\" data-submit-text=\"Envoyer\" aria-live=\"assertive\" value=\"wpforms-submit\">Envoyer<\/button><img decoding=\"async\" src=\"https:\/\/den-event.com\/wp-content\/plugins\/wpforms-lite\/assets\/images\/submit-spin.svg\" class=\"wpforms-submit-spinner\" style=\"display: none;\" width=\"26\" height=\"26\" alt=\"Chargement en cours\"><\/div><\/form><\/div>  <!-- .wpforms-container -->\t\t\t\t<\/div>\n\t\t\t\t<\/div>\n\t\t\t\t\t<\/div>\n\t\t\t\t<\/div>\n\t\t<div class=\"elementor-element elementor-element-1a8fdab e-flex e-con-boxed e-con e-parent\" data-id=\"1a8fdab\" data-element_type=\"container\" data-e-type=\"container\">\n\t\t\t\t\t<div class=\"e-con-inner\">\n\t\t\t\t<div class=\"elementor-element elementor-element-727cf6a elementor-widget elementor-widget-video\" data-id=\"727cf6a\" data-element_type=\"widget\" data-e-type=\"widget\" data-settings=\"{&quot;video_type&quot;:&quot;hosted&quot;,&quot;controls&quot;:&quot;yes&quot;}\" data-widget_type=\"video.default\">\n\t\t\t\t\t\t\t<div class=\"e-hosted-video elementor-wrapper elementor-open-inline\">\n\t\t\t\t\t<video class=\"elementor-video\" src=\"https:\/\/den-event.com\/wp-content\/uploads\/2025\/11\/videoplayback.mp4\" controls=\"\" preload=\"metadata\" controlsList=\"nodownload\"><\/video>\n\t\t\t\t<\/div>\n\t\t\t\t\t\t<\/div>\n\t\t\t\t\t<\/div>\n\t\t\t\t<\/div>\n\t\t\t\t<\/div>\n\t\t","protected":false},"excerpt":{"rendered":"<p>Veuillez activer JavaScript dans votre navigateur pour remplir ce formulaire.Veuillez activer JavaScript dans votre navigateur pour remplir ce formulaire. Nom &amp; Pr\u00e9nom * Pr\u00e9nomNom Votre adresse *Num\u00e9ro de t\u00e9l\u00e9phone *E-mail *Lieu de votre \u00e9v\u00e9nement ? *Type d&#039;\u00e9v\u00e9nement *&#8212; S\u00e9lectionner un choix &#8212;MariageAnniversaireSonorisationAutreQuel serait votre date ? *Nombre d&#039;invit\u00e9s *O\u00f9 se d\u00e9roulera l&#039;\u00e9v\u00e9nement ? *&#8212; S\u00e9lectionner [&hellip;]<\/p>\n","protected":false},"author":1,"featured_media":0,"parent":0,"menu_order":0,"comment_status":"closed","ping_status":"closed","template":"","meta":{"footnotes":""},"class_list":["post-175","page","type-page","status-publish","hentry"],"jetpack_sharing_enabled":true,"_links":{"self":[{"href":"https:\/\/den-event.com\/index.php\/wp-json\/wp\/v2\/pages\/175","targetHints":{"allow":["GET"]}}],"collection":[{"href":"https:\/\/den-event.com\/index.php\/wp-json\/wp\/v2\/pages"}],"about":[{"href":"https:\/\/den-event.com\/index.php\/wp-json\/wp\/v2\/types\/page"}],"author":[{"embeddable":true,"href":"https:\/\/den-event.com\/index.php\/wp-json\/wp\/v2\/users\/1"}],"replies":[{"embeddable":true,"href":"https:\/\/den-event.com\/index.php\/wp-json\/wp\/v2\/comments?post=175"}],"version-history":[{"count":6,"href":"https:\/\/den-event.com\/index.php\/wp-json\/wp\/v2\/pages\/175\/revisions"}],"predecessor-version":[{"id":2562,"href":"https:\/\/den-event.com\/index.php\/wp-json\/wp\/v2\/pages\/175\/revisions\/2562"}],"wp:attachment":[{"href":"https:\/\/den-event.com\/index.php\/wp-json\/wp\/v2\/media?parent=175"}],"curies":[{"name":"wp","href":"https:\/\/api.w.org\/{rel}","templated":true}]}}